{"id":1433,"date":"2014-09-14T22:07:40","date_gmt":"2014-09-14T22:07:40","guid":{"rendered":"http:\/\/www.sgagora.com.br\/sg\/?page_id=1433"},"modified":"2014-09-14T22:07:40","modified_gmt":"2014-09-14T22:07:40","slug":"enquetes","status":"publish","type":"page","link":"https:\/\/www.sgagora.com.br\/sg\/enquetes\/","title":{"rendered":"Enquetes"},"content":{"rendered":"<p><code><div class=\"wp-polls wp-polls-archive\">\n<p style=\"text-align: center\"><strong>Qual a sua nota para a Festa de Anivers\u00e1rio de S\u00e3o Gotardo?<\/strong><\/p>\r\n<div id=\"polls-51-ans\" class=\"wp-polls-ans\">\r\n<ul class=\"wp-polls-ul\"><div align=\"justify\"> <li>NEM SA\u00cd DE CASA <small>(0%, 0 Votos)<\/small><\/div><div align=\"justify\"> <li>N\u00c3O GOSTEI <small>(0%, 0 Votos)<\/small><\/div><div align=\"justify\"> <li>GOSTEI <small>(0%, 0 Votos)<\/small><\/div><div align=\"justify\"> <li>TOP <small>(0%, 0 Votos)<\/small><\/div><\/ul>\r\n<p style=\"text-align: center\">Total de Participantes: <strong>0<\/strong><\/p>\r\n<\/div><p>Data de In\u00edcio: 17 de outubro de 2025 @ 13:41<br \/>Data de Fim: N\u00e3o Expira<\/p><p style=\"text-align: center\"><strong>Qual a sua nota para a Festa de Anivers\u00e1rio de S\u00e3o Gotardo?<\/strong><\/p>\r\n<div id=\"polls-50-ans\" class=\"wp-polls-ans\">\r\n<ul class=\"wp-polls-ul\"><div align=\"justify\"> <li>5 <small>(0%, 0 Votos)<\/small><\/div><div align=\"justify\"> <li>4 <small>(0%, 0 Votos)<\/small><\/div><div align=\"justify\"> <li>3 <small>(0%, 0 Votos)<\/small><\/div><div align=\"justify\"> <li>2 <small>(0%, 0 Votos)<\/small><\/div><div align=\"justify\"> <li>1 <small>(100%, 0 Votos)<\/small><\/div><\/ul>\r\n<p style=\"text-align: center\">Total de Participantes: <strong>0<\/strong><\/p>\r\n<\/div><p>Data de In\u00edcio: 7 de outubro de 2023 @ 15:18<br \/>Data de Fim: N\u00e3o Expira<\/p><p style=\"text-align: center\"><strong>Qual foi o melhor show da Fenacen 2023?<\/strong><\/p>\r\n<div id=\"polls-49-ans\" class=\"wp-polls-ans\">\r\n<ul class=\"wp-polls-ul\"><div align=\"justify\"> <li>KVSH <small>(8%, 2 Votos)<\/small><\/div><div align=\"justify\"> <li>Chris no Beat <small>(0%, 0 Votos)<\/small><\/div><div align=\"justify\"> <li>Luan Santana <small>(15%, 4 Votos)<\/small><\/div><div align=\"justify\"> <li>Hugo e Gulherme <small>(12%, 3 Votos)<\/small><\/div><div align=\"justify\"> <li>Daniel <small>(4%, 1 Votos)<\/small><\/div><div align=\"justify\"> <li>Ana Castela <small>(62%, 16 Votos)<\/small><\/div><div align=\"justify\"> <li>Gusttavo Lima <small>(0%, 0 Votos)<\/small><\/div><\/ul>\r\n<p style=\"text-align: center\">Total de Participantes: <strong>26<\/strong><\/p>\r\n<\/div><p>Data de In\u00edcio: 26 de julho de 2023 @ 15:27<br \/>Data de Fim: N\u00e3o Expira<\/p><p style=\"text-align: center\"><strong>Para quem \u00e9 sua torcida no Concurso Rainha FENACEN 2023?<\/strong><\/p>\r\n<div id=\"polls-48-ans\" class=\"wp-polls-ans\">\r\n<ul class=\"wp-polls-ul\"><div align=\"justify\"> <li>Lhorrayne Martins <small>(18%, 4 Votos)<\/small><\/div><div align=\"justify\"> <li>Grazielly Lopes <small>(41%, 9 Votos)<\/small><\/div><div align=\"justify\"> <li>Clara Ferreira <small>(41%, 9 Votos)<\/small><\/div><\/ul>\r\n<p style=\"text-align: center\">Total de Participantes: <strong>22<\/strong><\/p>\r\n<\/div><p>Data de In\u00edcio: 22 de junho de 2023 @ 15:31<br \/>Data de Fim: N\u00e3o Expira<\/p><p style=\"text-align: center\"><strong>Que tipo de conte\u00fado ou tema voc\u00ea gostaria de ler no Portal SG AGORA?<\/strong><\/p>\r\n<div id=\"polls-45-ans\" class=\"wp-polls-ans\">\r\n<ul class=\"wp-polls-ul\"><div align=\"justify\"> <li>Sa\u00fade <small>(21%, 12 Votos)<\/small><\/div><div align=\"justify\"> <li>Agroneg\u00f3cio <small>(3%, 2 Votos)<\/small><\/div><div align=\"justify\"> <li>Educa\u00e7\u00e3o <small>(2%, 1 Votos)<\/small><\/div><div align=\"justify\"> <li>Pol\u00edtica <small>(9%, 5 Votos)<\/small><\/div><div align=\"justify\"> <li>Colunistas <small>(0%, 0 Votos)<\/small><\/div><div align=\"justify\"> <li>Den\u00fancias <small>(40%, 23 Votos)<\/small><\/div><div align=\"justify\"> <li>Esporte <small>(26%, 15 Votos)<\/small><\/div><\/ul>\r\n<p style=\"text-align: center\">Total de Participantes: <strong>58<\/strong><\/p>\r\n<\/div><p>Data de In\u00edcio: 4 de mar\u00e7o de 2021 @ 10:50<br \/>Data de Fim: N\u00e3o Expira<\/p><\/div>\n<div class=\"wp-pagenavi\">\n<span class=\"pages\">&#8201;P\u00e1gina 1 de 8&#8201;<\/span><span class=\"current\">&#8201;1&#8201;<\/span><a href=\"https:\/\/www.sgagora.com.br\/sg\/?page_id=1433&amp;poll_page=2\" title=\"2\">&#8201;2&#8201;<\/a><a href=\"https:\/\/www.sgagora.com.br\/sg\/?page_id=1433&amp;poll_page=3\" title=\"3\">&#8201;3&#8201;<\/a><a href=\"https:\/\/www.sgagora.com.br\/sg\/?page_id=1433&amp;poll_page=4\" title=\"4\">&#8201;4&#8201;<\/a><a href=\"https:\/\/www.sgagora.com.br\/sg\/?page_id=1433&amp;poll_page=5\" title=\"5\">&#8201;5&#8201;<\/a><a href=\"https:\/\/www.sgagora.com.br\/sg\/?page_id=1433&amp;poll_page=6\" title=\"6\">&#8201;6&#8201;<\/a><a href=\"https:\/\/www.sgagora.com.br\/sg\/?page_id=1433&amp;poll_page=7\" title=\"7\">&#8201;7&#8201;<\/a><a href=\"https:\/\/www.sgagora.com.br\/sg\/?page_id=1433&amp;poll_page=8\" title=\"8\">&#8201;8&#8201;<\/a><a href=\"https:\/\/www.sgagora.com.br\/sg\/?page_id=1433&amp;poll_page=2\" title=\"&raquo;\">&#8201;&raquo;&#8201;<\/a><\/div><\/code><\/p>\n","protected":false},"excerpt":{"rendered":"Qual a sua nota para a Festa de Anivers\u00e1rio de S\u00e3o Gotardo? NEM SA\u00cd DE CASA (0%, 0 Votos) N\u00c3O GOSTEI (0%, 0 Votos) GOSTEI (0%, 0 Votos) TOP (0%, 0 Votos) Total de Participantes: ... <a class=\"readmore\" href=\"https:\/\/www.sgagora.com.br\/sg\/enquetes\/\">Leia Mais<\/a>","protected":false},"author":1,"featured_media":0,"parent":0,"menu_order":0,"comment_status":"open","ping_status":"open","template":"","meta":{"_bbp_topic_count":0,"_bbp_reply_count":0,"_bbp_total_topic_count":0,"_bbp_total_reply_count":0,"_bbp_voice_count":0,"_bbp_anonymous_reply_count":0,"_bbp_topic_count_hidden":0,"_bbp_reply_count_hidden":0,"_bbp_forum_subforum_count":0},"yoast_head":"<!-- This site is optimized with the Yoast SEO plugin v20.5 - https:\/\/yoast.com\/wordpress\/plugins\/seo\/ -->\n<title>Enquetes - SGAgora<\/title>\n<meta name=\"robots\" content=\"index, follow, max-snippet:-1, max-image-preview:large, max-video-preview:-1\" \/>\n<link rel=\"canonical\" href=\"https:\/\/www.sgagora.com.br\/sg\/enquetes\/\" \/>\n<meta property=\"og:locale\" content=\"pt_BR\" \/>\n<meta property=\"og:type\" content=\"article\" \/>\n<meta property=\"og:title\" content=\"Enquetes - SGAgora\" \/>\n<meta property=\"og:url\" content=\"https:\/\/www.sgagora.com.br\/sg\/enquetes\/\" \/>\n<meta property=\"og:site_name\" content=\"SGAgora\" \/>\n<meta property=\"article:publisher\" content=\"https:\/\/www.facebook.com\/sgagora\" \/>\n<script type=\"application\/ld+json\" class=\"yoast-schema-graph\">{\"@context\":\"https:\/\/schema.org\",\"@graph\":[{\"@type\":\"WebPage\",\"@id\":\"https:\/\/www.sgagora.com.br\/sg\/enquetes\/\",\"url\":\"https:\/\/www.sgagora.com.br\/sg\/enquetes\/\",\"name\":\"Enquetes - SGAgora\",\"isPartOf\":{\"@id\":\"https:\/\/www.sgagora.com.br\/sg\/#website\"},\"datePublished\":\"2014-09-14T22:07:40+00:00\",\"dateModified\":\"2014-09-14T22:07:40+00:00\",\"breadcrumb\":{\"@id\":\"https:\/\/www.sgagora.com.br\/sg\/enquetes\/#breadcrumb\"},\"inLanguage\":\"pt-BR\",\"potentialAction\":[{\"@type\":\"ReadAction\",\"target\":[\"https:\/\/www.sgagora.com.br\/sg\/enquetes\/\"]}]},{\"@type\":\"BreadcrumbList\",\"@id\":\"https:\/\/www.sgagora.com.br\/sg\/enquetes\/#breadcrumb\",\"itemListElement\":[{\"@type\":\"ListItem\",\"position\":1,\"name\":\"In\u00edcio\",\"item\":\"https:\/\/www.sgagora.com.br\/sg\/\"},{\"@type\":\"ListItem\",\"position\":2,\"name\":\"Enquetes\"}]},{\"@type\":\"WebSite\",\"@id\":\"https:\/\/www.sgagora.com.br\/sg\/#website\",\"url\":\"https:\/\/www.sgagora.com.br\/sg\/\",\"name\":\"SGAgora\",\"description\":\"Not\u00edcias de S\u00e3o Gotardo\",\"potentialAction\":[{\"@type\":\"SearchAction\",\"target\":{\"@type\":\"EntryPoint\",\"urlTemplate\":\"https:\/\/www.sgagora.com.br\/sg\/?s={search_term_string}\"},\"query-input\":\"required name=search_term_string\"}],\"inLanguage\":\"pt-BR\"}]}<\/script>\n<!-- \/ Yoast SEO plugin. -->","yoast_head_json":{"title":"Enquetes - SGAgora","robots":{"index":"index","follow":"follow","max-snippet":"max-snippet:-1","max-image-preview":"max-image-preview:large","max-video-preview":"max-video-preview:-1"},"canonical":"https:\/\/www.sgagora.com.br\/sg\/enquetes\/","og_locale":"pt_BR","og_type":"article","og_title":"Enquetes - SGAgora","og_url":"https:\/\/www.sgagora.com.br\/sg\/enquetes\/","og_site_name":"SGAgora","article_publisher":"https:\/\/www.facebook.com\/sgagora","schema":{"@context":"https:\/\/schema.org","@graph":[{"@type":"WebPage","@id":"https:\/\/www.sgagora.com.br\/sg\/enquetes\/","url":"https:\/\/www.sgagora.com.br\/sg\/enquetes\/","name":"Enquetes - SGAgora","isPartOf":{"@id":"https:\/\/www.sgagora.com.br\/sg\/#website"},"datePublished":"2014-09-14T22:07:40+00:00","dateModified":"2014-09-14T22:07:40+00:00","breadcrumb":{"@id":"https:\/\/www.sgagora.com.br\/sg\/enquetes\/#breadcrumb"},"inLanguage":"pt-BR","potentialAction":[{"@type":"ReadAction","target":["https:\/\/www.sgagora.com.br\/sg\/enquetes\/"]}]},{"@type":"BreadcrumbList","@id":"https:\/\/www.sgagora.com.br\/sg\/enquetes\/#breadcrumb","itemListElement":[{"@type":"ListItem","position":1,"name":"In\u00edcio","item":"https:\/\/www.sgagora.com.br\/sg\/"},{"@type":"ListItem","position":2,"name":"Enquetes"}]},{"@type":"WebSite","@id":"https:\/\/www.sgagora.com.br\/sg\/#website","url":"https:\/\/www.sgagora.com.br\/sg\/","name":"SGAgora","description":"Not\u00edcias de S\u00e3o Gotardo","potentialAction":[{"@type":"SearchAction","target":{"@type":"EntryPoint","urlTemplate":"https:\/\/www.sgagora.com.br\/sg\/?s={search_term_string}"},"query-input":"required name=search_term_string"}],"inLanguage":"pt-BR"}]}},"_links":{"self":[{"href":"https:\/\/www.sgagora.com.br\/sg\/wp-json\/wp\/v2\/pages\/1433"}],"collection":[{"href":"https:\/\/www.sgagora.com.br\/sg\/wp-json\/wp\/v2\/pages"}],"about":[{"href":"https:\/\/www.sgagora.com.br\/sg\/wp-json\/wp\/v2\/types\/page"}],"author":[{"embeddable":true,"href":"https:\/\/www.sgagora.com.br\/sg\/wp-json\/wp\/v2\/users\/1"}],"replies":[{"embeddable":true,"href":"https:\/\/www.sgagora.com.br\/sg\/wp-json\/wp\/v2\/comments?post=1433"}],"version-history":[{"count":1,"href":"https:\/\/www.sgagora.com.br\/sg\/wp-json\/wp\/v2\/pages\/1433\/revisions"}],"predecessor-version":[{"id":1434,"href":"https:\/\/www.sgagora.com.br\/sg\/wp-json\/wp\/v2\/pages\/1433\/revisions\/1434"}],"wp:attachment":[{"href":"https:\/\/www.sgagora.com.br\/sg\/wp-json\/wp\/v2\/media?parent=1433"}],"curies":[{"name":"wp","href":"https:\/\/api.w.org\/{rel}","templated":true}]}}